{"id":2037,"date":"2026-02-02T11:30:54","date_gmt":"2026-02-02T08:30:54","guid":{"rendered":"https:\/\/www.hairneva.com\/haartransplantation-tuerkei\/"},"modified":"2026-02-24T11:18:36","modified_gmt":"2026-02-24T08:18:36","slug":"haartransplantation-turkei","status":"publish","type":"page","link":"https:\/\/www.hairneva.com\/de\/haartransplantation-turkei\/","title":{"rendered":"Haartransplantation T\u00fcrkei Preise"},"content":{"rendered":"<div class=\"elementor-element elementor-element-a2d63f0 at-heading-animation at-animation-heading-none elementor-widget elementor-widget-heading\" data-id=\"a2d63f0\" data-element_type=\"widget\" data-widget_type=\"heading.default\">\n<div class=\"elementor-widget-container\">\n<h2 class=\"elementor-heading-title elementor-size-default\">Haartransplantation T\u00fcrkei Preise 2026<\/h2>\n<\/div>\n<\/div>\n<p>Die Preise f\u00fcr eine Haartransplantation in der T\u00fcrkei liegen 2026 durchschnittlich zwischen 1.500 und 6.000 US-Dollar. Diese Preisspanne h\u00e4ngt von der gew\u00e4hlten Methode (FUE, DHI, Sapphire), der Graft-Anzahl und der Klinik ab. Viele Kliniken bieten All-Inclusive-Pakete mit Hotel, Transfers und Dolmetschdienst an. Besonders DHI-Technik ist etwas teurer, liefert aber oft dichtere Ergebnisse. Trotz niedriger Kosten entspricht die medizinische Qualit\u00e4t meist europ\u00e4ischen Standards. Patienten aus Deutschland, \u00d6sterreich und der Schweiz sch\u00e4tzen das hervorragende Preis-Leistungs-Verh\u00e4ltnis.<\/p>\n<h2>Schnelle Fakten<\/h2>\n<ul>\n<li>Preise f\u00fcr Haartransplantationen 2026: \u20ac 2000 \u2013 \u20ac 18000<\/li>\n<li>2500 Graft T\u00fcrkei Preis: \u20ac 1790 \u2013 \u20ac 3500<\/li>\n<li>3000 Graft T\u00fcrkei Preis: \u20ac 1800 \u2013 \u20ac 5000<\/li>\n<li>Methoden: FUE, DHI, Hybrid, Sapphire FUE<\/li>\n<li>Dauer der Operation: 4 \u2013 8 Stunden<\/li>\n<li>An\u00e4sthesie: Lokalan\u00e4sthesie<\/li>\n<li>Nebenwirkungen: Vor\u00fcbergehende Schwellung und R\u00f6tung<\/li>\n<li>Arbeitsf\u00e4hig: 10 Tage nach der Operation<\/li>\n<li>Narbenbildung: Normalerweise nicht sichtbar<\/li>\n<li>Sport: 4 Wochen nach der Operation<\/li>\n<li>Erholung: 5-10 Tage (abh\u00e4ngig von der Methode)<\/li>\n<li>Endergebnis: Nach 12 Monaten<\/li>\n<\/ul>\n<h2>Haartransplantationskosten weltweit 2026 im Vergleich<\/h2>\n<table>\n<tbody>\n<tr>\n<th>Region\/Land<\/th>\n<th>Sapphire FUE<\/th>\n<th>DHI<\/th>\n<th>Hybrid (FUE &amp; DHI)<\/th>\n<\/tr>\n<tr>\n<td>HAIRNEVA<\/td>\n<td>2700-3000<\/td>\n<td>3000-4500<\/td>\n<td>3000-4500<\/td>\n<\/tr>\n<tr>\n<td>TURKEY<\/td>\n<td>1800-4000<\/td>\n<td>2000-5000<\/td>\n<td>2000-5000<\/td>\n<\/tr>\n<tr>\n<td>U.S.A<\/td>\n<td>7500-9100<\/td>\n<td>8100-9800<\/td>\n<td>8400-12000<\/td>\n<\/tr>\n<tr>\n<td>U.K<\/td>\n<td>6500-8200<\/td>\n<td>7200-8100<\/td>\n<td>7400-10200<\/td>\n<\/tr>\n<tr>\n<td>GERMANY<\/td>\n<td>5900-7200<\/td>\n<td>6400-7900<\/td>\n<td>6500-8900<\/td>\n<\/tr>\n<tr>\n<td>CANADA<\/td>\n<td>7600-9200<\/td>\n<td>8300-11000<\/td>\n<td>8800-12500<\/td>\n<\/tr>\n<tr>\n<td>POLAND<\/td>\n<td>3400-3800<\/td>\n<td>3600-4800<\/td>\n<td>4200-5200<\/td>\n<\/tr>\n<tr>\n<td>SPAIN<\/td>\n<td>5800-7000<\/td>\n<td>6200-8000<\/td>\n<td>6400-9000<\/td>\n<\/tr>\n<\/tbody>\n<\/table>\n<h2>Di\u00e4t und Bewegung<\/h2>\n<p>Da uns eine gesunde Ern\u00e4hrung und regelm\u00e4\u00dfige Bewegung in allen Lebensbereichen zugute kommen, verbessern sie auch das Ergebnis Ihrer Haartransplantation. Um \u00fcberm\u00e4\u00dfige Blutungen zu vermeiden, wird das Heben schwerer Lasten einen Monat lang nach der Haartransplantation nicht empfohlen. Nach dem ersten Monat f\u00f6rdert das Training jedoch auch die Blutzirkulation und wirkt sich positiv auf die Haartransplantation aus.<\/p>\n<h2>PRP<\/h2>\n<p>Die PRP-Behandlung wird mittlerweile weltweit f\u00fcr verschiedene medizinische Zwecke eingesetzt. Sie tragen nachweislich dazu bei, dass die Haare st\u00e4rker wachsen, unabh\u00e4ngig davon, ob Sie sich einer Haartransplantation unterzogen haben oder nicht. Bei der PRP-Behandlung werden die eigenen Blutzellen des Patienten verwendet, um das Haarwachstum zu stimulieren und schwachen Haaren zu helfen, dicker und kr\u00e4ftiger zu werden.<\/p>\n<h2>Mesotherapie<\/h2>\n<p>Es handelt sich um eine \u00e4hnliche Behandlung wie PRP. Es enth\u00e4lt Aminos\u00e4uren, Vitamine und Mineralien, die das Haarwachstum stimulieren und das Schrumpfen der Haarfollikel umkehren.<\/p>\n<h2>Vitamine<\/h2>\n<p>Vitamine wie Biotin und Zink tragen dazu bei, die Haarfollikel zu st\u00e4rken. Nach R\u00fccksprache mit Ihrem Arzt k\u00f6nnen Sie diese Vitamine f\u00fcr kr\u00e4ftigere Haare einnehmen.<\/p>\n<h2>Erg\u00e4nzende Medizin<\/h2>\n<p>Die regelm\u00e4\u00dfige Anwendung zus\u00e4tzlicher \u00d6le und nat\u00fcrlicher Arzneimittel kann dazu beitragen, dass die Haare st\u00e4rker werden und den Verlust r\u00fcckg\u00e4ngig machen. Die Einnahme sollte jedoch nach R\u00fccksprache mit Ihrem Arzt erfolgen, da sie Nebenwirkungen haben kann.<\/p>\n<h2>Aufh\u00f6ren zu rauchen<\/h2>\n<p>Wie bereits erw\u00e4hnt, werden Haartransplantate \u00fcber das Blut ern\u00e4hrt. Rauchen vergiftet unser Blut und sch\u00e4digt dadurch die Transplantate erheblich. Es wird empfohlen, vor und nach einer Haartransplantation mit dem Rauchen aufzuh\u00f6ren.<\/p>\n<p>Bei Hairneva stellen wir nicht nur Haare wieder her \u2013 wir verwandeln Leben. Buchen Sie noch heute Ihre exklusive Beratung und erreichen Sie das nat\u00fcrliche, luxuri\u00f6se Volumen, das Sie verdienen.<\/p>\n","protected":false},"excerpt":{"rendered":"<p>Haartransplantation T\u00fcrkei Preise 2026 Die Preise f\u00fcr eine Haartransplantation in der T\u00fcrkei liegen 2026 durchschnittlich zwischen 1.500 und 6.000 US-Dollar. Diese Preisspanne h\u00e4ngt von der gew\u00e4hlten Methode (FUE, DHI, Sapphire), der Graft-Anzahl und der Klinik ab. Viele Kliniken bieten All-Inclusive-Pakete mit Hotel, Transfers und Dolmetschdienst an. Besonders DHI-Technik ist etwas teurer, liefert aber oft dichtere [&hellip;]<\/p>\n","protected":false},"author":1,"featured_media":4816,"parent":0,"menu_order":77,"comment_status":"closed","ping_status":"closed","template":"template\/template--hair-transplant.php","meta":{"footnotes":""},"class_list":["post-2037","page","type-page","status-publish","has-post-thumbnail","hentry"],"_links":{"self":[{"href":"https:\/\/www.hairneva.com\/de\/wp-json\/wp\/v2\/pages\/2037","targetHints":{"allow":["GET"]}}],"collection":[{"href":"https:\/\/www.hairneva.com\/de\/wp-json\/wp\/v2\/pages"}],"about":[{"href":"https:\/\/www.hairneva.com\/de\/wp-json\/wp\/v2\/types\/page"}],"author":[{"embeddable":true,"href":"https:\/\/www.hairneva.com\/de\/wp-json\/wp\/v2\/users\/1"}],"replies":[{"embeddable":true,"href":"https:\/\/www.hairneva.com\/de\/wp-json\/wp\/v2\/comments?post=2037"}],"version-history":[{"count":5,"href":"https:\/\/www.hairneva.com\/de\/wp-json\/wp\/v2\/pages\/2037\/revisions"}],"predecessor-version":[{"id":4844,"href":"https:\/\/www.hairneva.com\/de\/wp-json\/wp\/v2\/pages\/2037\/revisions\/4844"}],"wp:featuredmedia":[{"embeddable":true,"href":"https:\/\/www.hairneva.com\/de\/wp-json\/wp\/v2\/media\/4816"}],"wp:attachment":[{"href":"https:\/\/www.hairneva.com\/de\/wp-json\/wp\/v2\/media?parent=2037"}],"curies":[{"name":"wp","href":"https:\/\/api.w.org\/{rel}","templated":true}]}}