{"id":4568,"date":"2026-02-03T16:28:17","date_gmt":"2026-02-03T13:28:17","guid":{"rendered":"https:\/\/www.hairneva.com\/politica-di-distruzione-dei-dati-personali\/"},"modified":"2026-02-03T16:28:17","modified_gmt":"2026-02-03T13:28:17","slug":"politica-di-distruzione-dei-dati-personali","status":"publish","type":"page","link":"https:\/\/www.hairneva.com\/es\/politica-di-distruzione-dei-dati-personali\/","title":{"rendered":"POLITICA DI DISTRUZIONE DEI DATI PERSONALI"},"content":{"rendered":"<p><strong>POL\u00cdTICA DE DESTRUCCI\u00d3N DE DATOS PERSONALES<\/strong><\/p>\n<p>El responsable del tratamiento de datos, la cl\u00ednica del Prof. Dr. G\u00fcncel \u00d6zt\u00fcrk, almacena y destruye sus datos personales de acuerdo con los principios y normas generales establecidos en esta Pol\u00edtica de Almacenamiento y Destrucci\u00f3n de Datos Personales, elaborada de conformidad con la Constituci\u00f3n, la Ley n.\u00ba 6698 de Protecci\u00f3n de Datos Personales, el Reglamento sobre la Eliminaci\u00f3n, Destrucci\u00f3n o Anonimizaci\u00f3n de Datos Personales y dem\u00e1s legislaci\u00f3n aplicable.<\/p>\n<p>&nbsp;<\/p>\n<p>Esta Pol\u00edtica tiene como objetivo establecer los principios y directrices generales para el almacenamiento y destrucci\u00f3n de datos personales de personas f\u00edsicas sujetas a actividades de procesamiento de datos personales en el \u00e1mbito de la Ley de Protecci\u00f3n de Datos Personales (KVKK) y cumplir con las obligaciones determinadas por la legislaci\u00f3n.<\/p>\n<p><strong>Consentimiento Expl\u00edcito: <\/strong>Consentimiento otorgado libremente y basado en un conocimiento informado respecto a un asunto espec\u00edfico.<\/p>\n<p><strong>Grupo destinatario: <\/strong>La categor\u00eda de personas f\u00edsicas o jur\u00eddicas a las que el responsable del tratamiento transfiere datos personales.<\/p>\n<p><strong>Anonimizaci\u00f3n: <\/strong>Proceso mediante el cual se tratan datos personales de tal manera que no puedan asociarse a una persona f\u00edsica identificada o identificable, ni siquiera cuando se combinan con otros datos.<\/p>\n<p><strong>Usuario Relevante: <\/strong>Personas f\u00edsicas dentro de la organizaci\u00f3n del responsable del tratamiento, o que act\u00faen bajo la autoridad e instrucciones de \u00e9ste, que traten datos personales, excluida la persona o unidad t\u00e9cnicamente responsable del almacenamiento, protecci\u00f3n y respaldo de los datos.<\/p>\n<p><strong>Destrucci\u00f3n: <\/strong>La eliminaci\u00f3n, destrucci\u00f3n o anonimizaci\u00f3n de datos personales.<br \/>\n<strong>Datos Personales: <\/strong>Cualquier informaci\u00f3n relativa a una persona f\u00edsica identificada o identificable (p. ej., nombre, apellidos, n\u00famero de identidad turco, direcci\u00f3n de correo electr\u00f3nico, direcci\u00f3n postal, fecha de nacimiento, n\u00famero de tarjeta de cr\u00e9dito, n\u00famero de cuenta bancaria).<\/p>\n<p><strong>Titular de los Datos: <\/strong>La persona f\u00edsica cuyos datos personales sean objeto de tratamiento.<\/p>\n<p><strong>Tratamiento de Datos Personales: <\/strong>Cualquier operaci\u00f3n realizada sobre datos personales, como la obtenci\u00f3n, registro, almacenamiento, conservaci\u00f3n, modificaci\u00f3n, reorganizaci\u00f3n, divulgaci\u00f3n, transferencia, adquisici\u00f3n, puesta a disposici\u00f3n, clasificaci\u00f3n o impedir el uso de datos, ya sea total o parcialmente automatizada o no, siempre que forme parte de un sistema de registro de datos.<\/p>\n<p><strong>Categor\u00edas Especiales de Datos Personales: <\/strong>Datos relativos a la raza, el origen \u00e9tnico, la opini\u00f3n pol\u00edtica, las creencias filos\u00f3ficas, la religi\u00f3n, la secta u otras creencias, la vestimenta, la pertenencia a asociaciones, fundaciones o sindicatos, la salud, la vida sexual, las condenas penales y las medidas de seguridad, as\u00ed como los datos biom\u00e9tricos y gen\u00e9ticos.<\/p>\n<p><strong>Eliminaci\u00f3n peri\u00f3dica: <\/strong>En caso de que dejen de existir todas las condiciones para el tratamiento de datos personales especificadas en la KVKK (Ley de Protecci\u00f3n de Datos Personales), el proceso de eliminaci\u00f3n, destrucci\u00f3n o anonimizaci\u00f3n, que se llevar\u00e1 a cabo de forma autom\u00e1tica a intervalos recurrentes seg\u00fan lo establecido en esta Pol\u00edtica,<\/p>\n<p>&nbsp;<\/p>\n<p><strong>MEDIOS DE REGISTRO REGULADOS POR POL\u00cdTICAS<\/strong><\/p>\n<p>Esta pol\u00edtica cubre todos los datos personales relacionados con las actividades de tratamiento de datos en el \u00e1mbito de la KVKK (Ley de Protecci\u00f3n de Datos Personales). Adem\u00e1s, los documentos a los que se hace referencia en esta Pol\u00edtica incluyen copias f\u00edsicas y digitales.<\/p>\n<p>Todos los datos personales relacionados con las actividades de procesamiento de datos en el \u00e1mbito de la KVKK (Ley de Protecci\u00f3n de Datos Personales) se almacenan en los siguientes entornos: datos personales procesados total o parcialmente de forma autom\u00e1tica, o procesados de forma no autom\u00e1tica como parte de un sistema de registro de datos:<\/p>\n<p>Computadoras de oficina, cuentas de correo electr\u00f3nico, computadoras de escritorio, equipos del personal (por ejemplo, tel\u00e9fonos m\u00f3viles), \u00e1reas de respaldo, archivos en papel, carpetas, registro de visitantes, CD, DVD, unidades USB, discos duros, impresora, fotocopiadora, etc.<\/p>\n<p><strong>Razones que requieren el almacenamiento y destrucci\u00f3n de datos personales<\/strong><\/p>\n<p>Los siguientes principios se toman como base en las actividades de tratamiento de datos personales:<\/p>\n<ul>\n<li>Cumplimiento de la ley y del principio de lealtad;<br \/>\n\u2022 Garantizar que los datos personales sean exactos y est\u00e9n actualizados cuando sea necesario; \u2022 Tratamiento para fines determinados, expl\u00edcitos y leg\u00edtimos; \u2022 Ser pertinentes, limitados y proporcionados a la finalidad para la que se tratan; \u2022 Conservar durante el plazo previsto en la legislaci\u00f3n aplicable o necesario para la finalidad para la que se tratan.<\/li>\n<\/ul>\n<p>Nuestra cl\u00ednica almacena y utiliza datos personales para su tratamiento y de acuerdo con las condiciones de tratamiento establecidas en los art\u00edculos 5 y 6 de la KVKK (Ley de Protecci\u00f3n de Datos Personales). Si dejan de cumplirse todas estas condiciones, los datos personales se destruir\u00e1n autom\u00e1ticamente o a petici\u00f3n del interesado.<\/p>\n<p>&nbsp;<\/p>\n<p><strong>Obtenci\u00f3n del consentimiento expl\u00edcito del interesado: <\/strong>La primera condici\u00f3n para el tratamiento de datos personales es el consentimiento expl\u00edcito del interesado.<\/p>\n<p><strong>Disposici\u00f3n expl\u00edcita en las leyes: <\/strong>Los datos personales del titular de los datos pueden ser tratados l\u00edcitamente sin su consentimiento expl\u00edcito si as\u00ed lo prev\u00e9n expl\u00edcitamente las leyes.<\/p>\n<p><strong>Incapacidad para obtener el consentimiento expl\u00edcito del titular de los datos debido a una imposibilidad f\u00e1ctica: <\/strong>Si una persona no puede expresar su consentimiento debido a una imposibilidad f\u00e1ctica, o su consentimiento no puede considerarse v\u00e1lido, y el procesamiento de sus datos personales es necesario para proteger la vida o la integridad f\u00edsica de esa persona u otra persona, entonces los datos personales del titular de los datos podr\u00e1n ser procesados.<\/p>\n<p><strong>Relevancia directa para el establecimiento o ejecuci\u00f3n de un contrato: <\/strong>Los datos personales podr\u00e1n ser tratados si son necesarios para el establecimiento o ejecuci\u00f3n de un contrato, siempre que el tratamiento de los datos personales de las partes del contrato est\u00e9 directamente relacionado con \u00e9ste.<\/p>\n<p><strong>Obligaci\u00f3n legal: <\/strong>El tratamiento de datos podr\u00e1 llevarse a cabo si es necesario para que nuestra empresa cumpla con sus obligaciones legales.<\/p>\n<p><strong>Divulgaci\u00f3n de datos personales por parte del titular de los datos: <\/strong>Si el titular de los datos ha revelado voluntariamente sus datos personales, los datos personales pertinentes podr\u00e1n procesarse solo en la medida de dicha divulgaci\u00f3n.<\/p>\n<p><strong>Necesidad del Tratamiento de Datos para el Establecimiento o la Protecci\u00f3n de un Derecho: <\/strong>Los datos personales del titular de los datos podr\u00e1n ser tratados si el tratamiento de los datos es necesario para el establecimiento, ejercicio o protecci\u00f3n de un derecho.<\/p>\n<p><strong>Necesidad del tratamiento de datos para los intereses leg\u00edtimos de nuestra empresa: <\/strong>Los datos personales del interesado podr\u00e1n ser tratados si es necesario para los intereses leg\u00edtimos de nuestra empresa, siempre que ello no perjudique los derechos y libertades fundamentales del interesado.<\/p>\n<p>&nbsp;<\/p>\n<p><strong>ELIMINACI\u00d3N, DESTRUCCI\u00d3N O ANONIMIZACI\u00d3N DE DATOS PERSONALES<\/strong><\/p>\n<p>Los datos personales ser\u00e1n eliminados, destruidos o anonimizados por la empresa a petici\u00f3n del interesado, o de forma autom\u00e1tica, en los siguientes casos: se modifican o derogan las disposiciones legales pertinentes que forman la base del tratamiento; deja de existir el prop\u00f3sito que requiere el tratamiento o el almacenamiento; en los casos en que el tratamiento de datos personales solo se realiza con base en el consentimiento expl\u00edcito, el interesado retira su consentimiento expl\u00edcito; ha expirado el plazo m\u00e1ximo que requiere la conservaci\u00f3n de los datos personales; y no existen circunstancias que justifiquen la conservaci\u00f3n de los datos personales durante un per\u00edodo m\u00e1s largo.<\/p>\n<p>&nbsp;<\/p>\n<p>Salvo decisi\u00f3n contraria del Comit\u00e9 de Protecci\u00f3n de Datos Personales, nuestra Empresa elige el m\u00e9todo m\u00e1s adecuado para eliminar, destruir o anonimizar los datos personales en funci\u00f3n de las capacidades tecnol\u00f3gicas y los costes de implementaci\u00f3n. A petici\u00f3n del interesado, se explica la justificaci\u00f3n del m\u00e9todo elegido. Se adoptan las medidas t\u00e9cnicas y administrativas necesarias en cada uno de estos procesos.<\/p>\n<p><strong>MEDIDAS T\u00c9CNICAS Y ADMINISTRATIVAS ADOPTADAS<\/strong><\/p>\n<p>De conformidad con el Art\u00edculo 12 de la Ley de Protecci\u00f3n de Datos Personales (KVKK) y las disposiciones del Reglamento, los principios generales mencionados anteriormente, esta Pol\u00edtica y las decisiones del Consejo de Protecci\u00f3n de Datos Personales, nuestra cl\u00ednica toma las medidas t\u00e9cnicas y administrativas necesarias con respecto a los siguientes asuntos, teniendo en cuenta las posibilidades tecnol\u00f3gicas y los costos de implementaci\u00f3n:<\/p>\n<ul>\n<li>Se han determinado el software y el hardware necesarios. Se utilizan contrase\u00f1as seguras en las computadoras y las cuentas de correo electr\u00f3nico.<\/li>\n<li>En cuanto a la protecci\u00f3n de la informaci\u00f3n del paciente, nuestro personal ha recibido capacitaci\u00f3n sobre los procedimientos necesarios y sus responsabilidades est\u00e1n documentadas en sus contratos de trabajo (Acuerdos de Confidencialidad). Esta obligaci\u00f3n contin\u00faa incluso despu\u00e9s de que las personas afectadas dejen sus puestos.<\/li>\n<li>Se ha establecido la infraestructura necesaria para realizar copias de seguridad de todos los datos.<\/li>\n<li>Se han identificado los empleados que tienen acceso a datos en las computadoras.<\/li>\n<li>Los archivos e informaci\u00f3n de los clientes s\u00f3lo se proporcionan a los propios interesados, a sus familiares cercanos con su consentimiento por escrito, a las instituciones y organizaciones p\u00fablicas pertinentes en el marco de la legislaci\u00f3n y, en casos legales, a las autoridades judiciales competentes.<\/li>\n<li>La Autoridad cumple con su obligaci\u00f3n de informar a los interesados antes de iniciar el tratamiento de datos personales.<\/li>\n<li>Se ha elaborado un inventario de tratamiento de datos personales.<\/li>\n<\/ul>\n<p><strong>PERIODOS DE ALMACENAMIENTO Y ELIMINACI\u00d3N<\/strong><\/p>\n<p>Nuestra cl\u00ednica conserva y destruye los datos personales \u00fanicamente durante el per\u00edodo especificado en la legislaci\u00f3n que est\u00e1 obligada a cumplir, o durante el per\u00edodo necesario para el prop\u00f3sito para el cual fueron procesados.<\/p>\n<p>Si el interesado solicita la destrucci\u00f3n de sus datos personales dirigi\u00e9ndose a nuestra empresa:<\/p>\n<p>Si han dejado de existir todas las condiciones para el tratamiento de datos personales: La solicitud del interesado se resolver\u00e1 a m\u00e1s tardar en un plazo de treinta d\u00edas, se le informar\u00e1 y, si los datos personales en cuesti\u00f3n se han transferido a terceros, se notificar\u00e1 a dicho tercero esta situaci\u00f3n; y el tercero adoptar\u00e1 las medidas necesarias.<\/p>\n<p>Si no han dejado de existir todas las condiciones para el tratamiento de datos personales: La solicitud del titular de los datos personales puede ser rechazada, con una explicaci\u00f3n de los motivos, de conformidad con el tercer p\u00e1rrafo del art\u00edculo 13 de la KVKK (Ley de Protecci\u00f3n de Datos Personales), y la respuesta de rechazo se notificar\u00e1 al titular de los datos personales por escrito o digitalmente dentro de los treinta d\u00edas a m\u00e1s tardar.<\/p>\n<p><strong>INTERVALOS DE DESTRUCCI\u00d3N PERI\u00d3DICOS<\/strong><\/p>\n<p>Los datos personales se destruyen durante el primer proceso peri\u00f3dico de destrucci\u00f3n posterior a la fecha en que surge la obligaci\u00f3n de destruirlos. Por consiguiente, los datos personales se destruyen cada seis meses si surge la obligaci\u00f3n de destruirlos.<\/p>\n<table>\n<tbody>\n<tr>\n<td width=\"214\">PER\u00cdODO<\/td>\n<td width=\"214\">TIEMPO DE ALMACENAMIENTO<\/td>\n<td width=\"214\">PERIODO DE DESTRUCCI\u00d3N<\/td>\n<\/tr>\n<tr>\n<td width=\"214\">Redacci\u00f3n de contratos<\/td>\n<td width=\"214\">10 a\u00f1os desde la finalizaci\u00f3n del contrato<\/td>\n<td width=\"214\">Durante el primer per\u00edodo de destrucci\u00f3n peri\u00f3dica posterior a la expiraci\u00f3n del per\u00edodo de almacenamiento<\/td>\n<\/tr>\n<tr>\n<td width=\"214\">Ejecuci\u00f3n de Procesos de Recursos Humanos<\/td>\n<td width=\"214\">10 a\u00f1os desde la finalizaci\u00f3n de la actividad<\/td>\n<td width=\"214\">Durante el primer per\u00edodo de destrucci\u00f3n peri\u00f3dica posterior a la expiraci\u00f3n del per\u00edodo de almacenamiento<\/td>\n<\/tr>\n<tr>\n<td width=\"214\">Ejecuci\u00f3n de procesos de acceso a hardware y software<\/td>\n<td width=\"214\">5 a\u00f1os<\/td>\n<td width=\"214\">Durante el primer per\u00edodo de destrucci\u00f3n peri\u00f3dica posterior a la expiraci\u00f3n del per\u00edodo de almacenamiento<\/td>\n<\/tr>\n<tr>\n<td width=\"214\">Registro de visitantes y participantes de reuniones<\/td>\n<td width=\"214\">5 a\u00f1os<\/td>\n<td width=\"214\">Durante el primer per\u00edodo de destrucci\u00f3n peri\u00f3dica posterior a la expiraci\u00f3n del per\u00edodo de almacenamiento<\/td>\n<\/tr>\n<tr>\n<td width=\"214\">Registro Personal de Datos de Salud<\/td>\n<td width=\"214\">Por el tiempo que determine la legislaci\u00f3n.<\/td>\n<td width=\"214\">Durante el primer per\u00edodo de destrucci\u00f3n peri\u00f3dica posterior a la expiraci\u00f3n del per\u00edodo de almacenamiento<\/td>\n<\/tr>\n<tr>\n<td width=\"214\">Datos de identidad<\/td>\n<td width=\"214\">Por el tiempo que determine la legislaci\u00f3n.<\/td>\n<td width=\"214\">Durante el primer per\u00edodo de destrucci\u00f3n peri\u00f3dica posterior a la expiraci\u00f3n del per\u00edodo de almacenamiento<\/td>\n<\/tr>\n<tr>\n<td width=\"214\">Im\u00e1genes de la c\u00e1mara<\/p>\n<p>&nbsp;<\/p>\n<p>&nbsp;<\/td>\n<td width=\"214\">Por el tiempo que determine la legislaci\u00f3n.<\/td>\n<td width=\"214\">Durante el primer per\u00edodo de destrucci\u00f3n peri\u00f3dica posterior a la expiraci\u00f3n del per\u00edodo de almacenamiento<\/td>\n<\/tr>\n<tr>\n<td width=\"214\"><\/td>\n<td width=\"214\"><\/td>\n<td width=\"214\"><\/td>\n<\/tr>\n<\/tbody>\n<\/table>\n<p>&nbsp;<\/p>\n<p>La presente Pol\u00edtica se considerar\u00e1 vigente a partir de su publicaci\u00f3n en el sitio web.<\/p>\n<p>&nbsp;<\/p>\n","protected":false},"excerpt":{"rendered":"<p>POL\u00cdTICA DE DESTRUCCI\u00d3N DE DATOS PERSONALES El responsable del tratamiento de datos, la cl\u00ednica del Prof. Dr. G\u00fcncel \u00d6zt\u00fcrk, almacena y destruye sus datos personales de acuerdo con los principios y normas generales establecidos en esta Pol\u00edtica de Almacenamiento y Destrucci\u00f3n de Datos Personales, elaborada de conformidad con la Constituci\u00f3n, la Ley n.\u00ba 6698 de [&hellip;]<\/p>\n","protected":false},"author":1,"featured_media":0,"parent":0,"menu_order":14,"comment_status":"closed","ping_status":"closed","template":"","meta":{"footnotes":""},"class_list":["post-4568","page","type-page","status-publish","hentry"],"_links":{"self":[{"href":"https:\/\/www.hairneva.com\/es\/wp-json\/wp\/v2\/pages\/4568","targetHints":{"allow":["GET"]}}],"collection":[{"href":"https:\/\/www.hairneva.com\/es\/wp-json\/wp\/v2\/pages"}],"about":[{"href":"https:\/\/www.hairneva.com\/es\/wp-json\/wp\/v2\/types\/page"}],"author":[{"embeddable":true,"href":"https:\/\/www.hairneva.com\/es\/wp-json\/wp\/v2\/users\/1"}],"replies":[{"embeddable":true,"href":"https:\/\/www.hairneva.com\/es\/wp-json\/wp\/v2\/comments?post=4568"}],"version-history":[{"count":0,"href":"https:\/\/www.hairneva.com\/es\/wp-json\/wp\/v2\/pages\/4568\/revisions"}],"wp:attachment":[{"href":"https:\/\/www.hairneva.com\/es\/wp-json\/wp\/v2\/media?parent=4568"}],"curies":[{"name":"wp","href":"https:\/\/api.w.org\/{rel}","templated":true}]}}