{"id":1703,"date":"2026-02-02T16:40:41","date_gmt":"2026-02-02T13:40:41","guid":{"rendered":"https:\/\/www.hairneva.com\/faqs\/"},"modified":"2026-02-16T17:10:26","modified_gmt":"2026-02-16T14:10:26","slug":"domande-frequenti-trapianto-di-capelli","status":"publish","type":"page","link":"https:\/\/www.hairneva.com\/it\/domande-frequenti-trapianto-di-capelli\/","title":{"rendered":"Domande frequenti \u2013 Trapianto di capelli"},"content":{"rendered":"<h2 data-start=\"293\" data-end=\"344\"><strong data-start=\"296\" data-end=\"344\">Hairneva \u2013 Domande Frequenti (FAQ)<\/strong><\/h2>\n<h3 data-start=\"346\" data-end=\"384\"><strong data-start=\"350\" data-end=\"384\">Informazioni di Base e Tecniche<\/strong><\/h3>\n<p data-start=\"386\" data-end=\"952\"><strong data-start=\"386\" data-end=\"469\">Quali sono le differenze tra il trapianto di capelli con i metodi FUT e FUE?<\/strong><br data-start=\"469\" data-end=\"472\" \/>FUT (Trapianto di Unit\u00e0 Follicolari): Prevede la rimozione di una striscia di pelle dall\u2019area donatrice, lasciando una cicatrice lineare. \u00c8 un metodo pi\u00f9 vecchio con un periodo di recupero pi\u00f9 lungo.<br data-start=\"641\" data-end=\"644\" \/>FUE (Estrazione di Unit\u00e0 Follicolari): Estrae singoli follicoli piliferi, lasciando cicatrici minime o non visibili e permettendo un recupero pi\u00f9 rapido.<br data-start=\"789\" data-end=\"792\" \/>Differenza principale: La FUE \u00e8 meno invasiva, non lascia cicatrici lineari e offre un risultato pi\u00f9 naturale rispetto alla FUT.<\/p>\n<p data-start=\"954\" data-end=\"1221\"><strong data-start=\"954\" data-end=\"1008\">Il trapianto di capelli lascia sicuramente cicatrici?<\/strong><br data-start=\"1008\" data-end=\"1011\" \/>No. Se eseguito con la tecnica FUE o DHI, il trapianto di capelli non lascia cicatrici visibili. Tuttavia, il metodo FUT pu\u00f2 lasciare una cicatrice lineare nella parte posteriore della testa.<\/p>\n<p data-start=\"1223\" data-end=\"1603\"><strong data-start=\"1223\" data-end=\"1272\">Come viene applicato il trapianto di capelli nelle donne?<\/strong><br data-start=\"1272\" data-end=\"1275\" \/>Nel trapianto di capelli femminile, l\u2019area donatrice viene solitamente prelevata dalla parte posteriore della testa, ma non \u00e8 necessario rasare tutta la testa.<br data-start=\"1413\" data-end=\"1416\" \/>Le tecniche DHI o FUE senza rasatura sono comunemente utilizzate per garantire un aspetto naturale e discreto.<br data-start=\"1503\" data-end=\"1506\" \/>Ideale per donne con perdita genetica o diradamento dei capelli.<\/p>\n<p data-start=\"1605\" data-end=\"2019\"><strong data-start=\"1605\" data-end=\"1665\">Cos\u2019\u00e8 il metodo Mega-Session nel trapianto di capelli?<\/strong><br data-start=\"1665\" data-end=\"1668\" \/>Una Mega-Session indica il trapianto di un numero elevato di innesti (oltre 4.000\u20135.000) in un\u2019unica sessione.<br data-start=\"1770\" data-end=\"1773\" \/>Vantaggi: Copre aree calve pi\u00f9 grandi in un\u2019unica procedura, riducendo la necessit\u00e0 di pi\u00f9 sessioni.<br data-start=\"1868\" data-end=\"1871\" \/>Svantaggi: Richiede un tempo di recupero pi\u00f9 lungo e un\u2019area donatrice forte per supportare un numero cos\u00ec elevato di innesti.<\/p>\n<p data-start=\"2021\" data-end=\"2128\"><strong data-start=\"2021\" data-end=\"2112\">Quali sono i vantaggi e gli svantaggi della tecnica FUE nel trapianto di capelli?<\/strong><br data-start=\"2112\" data-end=\"2115\" \/>Vantaggi:<\/p>\n<ul data-start=\"2129\" data-end=\"2388\">\n<li data-start=\"2129\" data-end=\"2148\">\n<p data-start=\"2131\" data-end=\"2148\">Nessuna cicatrice lineare<\/p>\n<\/li>\n<li data-start=\"2149\" data-end=\"2173\">\n<p data-start=\"2151\" data-end=\"2173\">Tempo di recupero pi\u00f9 rapido<\/p>\n<\/li>\n<li data-start=\"2174\" data-end=\"2198\">\n<p data-start=\"2176\" data-end=\"2198\">Risultati pi\u00f9 naturali<\/p>\n<\/li>\n<li data-start=\"2199\" data-end=\"2268\">\n<p data-start=\"2201\" data-end=\"2268\">Adatta per aree di trapianto piccole e grandi<br data-start=\"2249\" data-end=\"2252\" \/>Svantaggi:<\/p>\n<\/li>\n<li data-start=\"2269\" data-end=\"2297\">\n<p data-start=\"2271\" data-end=\"2297\">Durata chirurgica pi\u00f9 lunga<\/p>\n<\/li>\n<li data-start=\"2298\" data-end=\"2388\">\n<p data-start=\"2300\" data-end=\"2388\">Richiede un chirurgo esperto per un corretto impianto<\/p>\n<\/li>\n<\/ul>\n<p data-start=\"2390\" data-end=\"2615\"><strong data-start=\"2390\" data-end=\"2454\">Cos\u2019\u00e8 il dispositivo micro-motore utilizzato nel trapianto di capelli?<\/strong><br data-start=\"2454\" data-end=\"2457\" \/>Un dispositivo micro-motore \u00e8 uno strumento specializzato utilizzato nel trapianto di capelli FUE per estrarre i follicoli con alta precisione e danno minimo. Permette:<\/p>\n<ul data-start=\"2616\" data-end=\"2764\">\n<li data-start=\"2616\" data-end=\"2662\">\n<p data-start=\"2618\" data-end=\"2662\">Estrazione degli innesti pi\u00f9 veloce ed efficiente<\/p>\n<\/li>\n<li data-start=\"2663\" data-end=\"2696\">\n<p data-start=\"2665\" data-end=\"2696\">Minore trauma all\u2019area donatrice<\/p>\n<\/li>\n<li data-start=\"2697\" data-end=\"2764\">\n<p data-start=\"2699\" data-end=\"2764\">Maggiore tasso di sopravvivenza degli innesti<\/p>\n<\/li>\n<\/ul>\n<p data-start=\"2766\" data-end=\"3081\"><strong data-start=\"2766\" data-end=\"2815\">Cos\u2019\u00e8 la clonazione dei capelli nel trapianto di capelli?<\/strong><br data-start=\"2815\" data-end=\"2818\" \/>La clonazione dei capelli \u00e8 una tecnica sperimentale futura in cui le cellule dei follicoli piliferi vengono replicate in laboratorio e poi impiantate nel cuoio capelluto.<br data-start=\"2950\" data-end=\"2953\" \/>Attualmente non \u00e8 ampiamente disponibile ed \u00e8 in fase di sperimentazione clinica per un possibile utilizzo futuro.<\/p>\n<h3 data-start=\"3088\" data-end=\"3133\"><strong data-start=\"3092\" data-end=\"3133\">Durata della Procedura e Pianificazione delle Sessioni<\/strong><\/h3>\n<p data-start=\"3135\" data-end=\"3275\"><strong data-start=\"3135\" data-end=\"3188\">Quanto dura l\u2019operazione di trapianto di capelli?<\/strong><br data-start=\"3188\" data-end=\"3191\" \/>Una procedura di trapianto di capelli dura generalmente tra <strong data-start=\"3241\" data-end=\"3258\">6 e 10 ore<\/strong>, a seconda di:<\/p>\n<ul data-start=\"3276\" data-end=\"3556\">\n<li data-start=\"3276\" data-end=\"3313\">\n<p data-start=\"3278\" data-end=\"3313\">Numero di innesti trapiantati<\/p>\n<\/li>\n<li data-start=\"3314\" data-end=\"3353\">\n<p data-start=\"3316\" data-end=\"3353\">Tecnica utilizzata (FUE, DHI, ecc.)<\/p>\n<\/li>\n<li data-start=\"3354\" data-end=\"3556\">\n<p data-start=\"3356\" data-end=\"3556\">Tipo e condizione dei capelli del paziente<br data-start=\"3393\" data-end=\"3396\" \/>I pazienti devono prevedere di trascorrere l\u2019intera giornata in clinica, poich\u00e9 la procedura richiede precisione e un impianto accurato.<\/p>\n<\/li>\n<\/ul>\n<p data-start=\"3558\" data-end=\"3615\"><strong data-start=\"3558\" data-end=\"3613\">Quanti innesti possono essere trapiantati in una sessione?<\/strong><\/p>\n<ul data-start=\"3616\" data-end=\"3833\">\n<li data-start=\"3616\" data-end=\"3689\">\n<p data-start=\"3618\" data-end=\"3689\">Generalmente, <strong data-start=\"3629\" data-end=\"3651\">3.000\u20135.000 innesti<\/strong> possono essere trapiantati in una sessione.<\/p>\n<\/li>\n<li data-start=\"3690\" data-end=\"3833\">\n<p data-start=\"3692\" data-end=\"3833\">Procedure pi\u00f9 grandi (Mega-Sessioni) possono permettere fino a <strong data-start=\"3742\" data-end=\"3758\">6.000 innesti<\/strong> ma richiedono un\u2019area donatrice ampia.<\/p>\n<\/li>\n<\/ul>\n<p data-start=\"3835\" data-end=\"3901\"><strong data-start=\"3835\" data-end=\"3899\">Quante sessioni sono necessarie per un trapianto completo?<\/strong><\/p>\n<ul data-start=\"3902\" data-end=\"4048\">\n<li data-start=\"3902\" data-end=\"3931\">\n<p data-start=\"3904\" data-end=\"3931\">Perdita lieve: 1 sessione<\/p>\n<\/li>\n<li data-start=\"3932\" data-end=\"3968\">\n<p data-start=\"3934\" data-end=\"3968\">Perdita moderata: 1\u20132 sessioni<\/p>\n<\/li>\n<li data-start=\"3969\" data-end=\"4048\">\n<p data-start=\"3971\" data-end=\"4048\">Calvizie avanzata: 2 o pi\u00f9 sessioni<\/p>\n<\/li>\n<\/ul>\n<h3 data-start=\"4055\" data-end=\"4099\"><strong data-start=\"4059\" data-end=\"4099\">Pianificazione dell\u2019Operazione e Design dell\u2019Attaccatura<\/strong><\/h3>\n<p data-start=\"4101\" data-end=\"4199\"><strong data-start=\"4101\" data-end=\"4160\">Come viene determinata l\u2019attaccatura dei capelli nel trapianto?<\/strong><br data-start=\"4160\" data-end=\"4163\" \/>L\u2019attaccatura viene progettata in base a:<\/p>\n<ul data-start=\"4200\" data-end=\"4384\">\n<li data-start=\"4200\" data-end=\"4235\">\n<p data-start=\"4202\" data-end=\"4235\">Simmetria e proporzioni del viso<\/p>\n<\/li>\n<li data-start=\"4236\" data-end=\"4275\">\n<p data-start=\"4238\" data-end=\"4275\">Et\u00e0 e schema naturale di crescita dei capelli<\/p>\n<\/li>\n<li data-start=\"4276\" data-end=\"4384\">\n<p data-start=\"4278\" data-end=\"4384\">Preferenze personali garantendo un aspetto naturale e non artificiale<\/p>\n<\/li>\n<\/ul>\n<p data-start=\"4386\" data-end=\"4672\"><strong data-start=\"4386\" data-end=\"4419\">Come viene progettata l\u2019attaccatura dei capelli?<\/strong><br data-start=\"4419\" data-end=\"4422\" \/>L\u2019attaccatura viene pianificata in base alla direzione naturale di crescita e alla densit\u00e0.<br data-start=\"4501\" data-end=\"4504\" \/>Possono essere utilizzati strumenti avanzati di imaging 3D e pianificazione digitale.<br data-start=\"4563\" data-end=\"4566\" \/>Il medico garantisce che non appaia artificiale o troppo bassa\/alta.<\/p>\n<p data-start=\"4674\" data-end=\"4768\"><strong data-start=\"4674\" data-end=\"4733\">Come viene calcolata la densit\u00e0 dei capelli nel trapianto?<\/strong><br data-start=\"4733\" data-end=\"4736\" \/>La densit\u00e0 dei capelli viene calcolata tramite:<\/p>\n<ul data-start=\"4769\" data-end=\"5101\">\n<li data-start=\"4769\" data-end=\"4835\">\n<p data-start=\"4771\" data-end=\"4835\">Determinazione del numero di follicoli per centimetro quadrato<\/p>\n<\/li>\n<li data-start=\"4836\" data-end=\"4905\">\n<p data-start=\"4838\" data-end=\"4905\">Valutazione dello spessore e della densit\u00e0 naturale dei capelli esistenti<\/p>\n<\/li>\n<li data-start=\"4906\" data-end=\"5101\">\n<p data-start=\"4908\" data-end=\"5101\">Valutazione della capacit\u00e0 dell\u2019area donatrice<br data-start=\"4943\" data-end=\"4946\" \/>Un dispositivo specializzato di analisi del cuoio capelluto viene utilizzato per misurare con precisione la densit\u00e0 prima della pianificazione del trapianto.<\/p>\n<\/li>\n<\/ul>\n<h3 data-start=\"5108\" data-end=\"5138\"><strong data-start=\"5112\" data-end=\"5138\">Processo Post Operatorio<\/strong><\/h3>\n<p data-start=\"5140\" data-end=\"5218\"><strong data-start=\"5140\" data-end=\"5216\">Quando i capelli appena trapiantati iniziano a crescere dopo l\u2019operazione?<\/strong><\/p>\n<ul data-start=\"5219\" data-end=\"5489\">\n<li data-start=\"5219\" data-end=\"5282\">\n<p data-start=\"5221\" data-end=\"5282\">Prime 2\u20134 settimane: Pu\u00f2 verificarsi caduta temporanea (shock loss).<\/p>\n<\/li>\n<li data-start=\"5283\" data-end=\"5323\">\n<p data-start=\"5285\" data-end=\"5323\">3\u20136 mesi: I nuovi capelli iniziano a crescere.<\/p>\n<\/li>\n<li data-start=\"5324\" data-end=\"5400\">\n<p data-start=\"5326\" data-end=\"5400\">6\u201312 mesi: Crescita significativa, i capelli diventano pi\u00f9 spessi e naturali.<\/p>\n<\/li>\n<li data-start=\"5401\" data-end=\"5489\">\n<p data-start=\"5403\" data-end=\"5489\">12\u201318 mesi: I risultati finali sono completamente visibili.<\/p>\n<\/li>\n<\/ul>\n<p data-start=\"5491\" data-end=\"5547\"><strong data-start=\"5491\" data-end=\"5545\">Cosa bisogna fare dopo l\u2019intervento di trapianto di capelli?<\/strong><\/p>\n<ul data-start=\"5548\" data-end=\"5773\">\n<li data-start=\"5548\" data-end=\"5591\">\n<p data-start=\"5550\" data-end=\"5591\">Seguire le istruzioni di cura post operatoria<\/p>\n<\/li>\n<li data-start=\"5592\" data-end=\"5634\">\n<p data-start=\"5594\" data-end=\"5634\">Evitare di toccare o grattare il cuoio capelluto<\/p>\n<\/li>\n<li data-start=\"5635\" data-end=\"5668\">\n<p data-start=\"5637\" data-end=\"5668\">Dormire con la testa sollevata<\/p>\n<\/li>\n<li data-start=\"5669\" data-end=\"5773\">\n<p data-start=\"5671\" data-end=\"5773\">Evitare esercizio intenso ed esposizione diretta al sole per alcune settimane<\/p>\n<\/li>\n<\/ul>\n<p data-start=\"5775\" data-end=\"5858\"><strong data-start=\"5775\" data-end=\"5846\">Quali sono le raccomandazioni prima e dopo il trapianto di capelli?<\/strong><br data-start=\"5846\" data-end=\"5849\" \/>Prima:<\/p>\n<ul data-start=\"5859\" data-end=\"5982\">\n<li data-start=\"5859\" data-end=\"5904\">\n<p data-start=\"5861\" data-end=\"5904\">Smettere di fumare e bere alcol 1\u20132 settimane prima<\/p>\n<\/li>\n<li data-start=\"5905\" data-end=\"5941\">\n<p data-start=\"5907\" data-end=\"5941\">Evitare farmaci che fluidificano il sangue<\/p>\n<\/li>\n<li data-start=\"5942\" data-end=\"5982\">\n<p data-start=\"5944\" data-end=\"5982\">Seguire attentamente le istruzioni della clinica<\/p>\n<\/li>\n<\/ul>\n<p data-start=\"5984\" data-end=\"5992\">Dopo:<\/p>\n<ul data-start=\"5993\" data-end=\"6131\">\n<li data-start=\"5993\" data-end=\"6030\">\n<p data-start=\"5995\" data-end=\"6030\">Seguire le routine di cura post operatoria<\/p>\n<\/li>\n<li data-start=\"6031\" data-end=\"6055\">\n<p data-start=\"6033\" data-end=\"6055\">Evitare attivit\u00e0 fisica intensa<\/p>\n<\/li>\n<li data-start=\"6056\" data-end=\"6131\">\n<p data-start=\"6058\" data-end=\"6131\">Utilizzare i farmaci prescritti dal medico<\/p>\n<\/li>\n<\/ul>\n<h3 data-start=\"6138\" data-end=\"6184\"><strong data-start=\"6142\" data-end=\"6184\">Fattori di Successo, Rischi e Complicazioni<\/strong><\/h3>\n<p data-start=\"6186\" data-end=\"6653\"><strong data-start=\"6186\" data-end=\"6256\">Le cicatrici da precedenti interventi di trapianto di capelli possono essere eliminate?<\/strong><br data-start=\"6256\" data-end=\"6259\" \/>S\u00ec, le cicatrici da precedenti procedure di trapianto di capelli, in particolare quelle del metodo FUT (Trapianto di Unit\u00e0 Follicolari), possono essere migliorate o camuffate tramite micropigmentazione del cuoio capelluto (SMP), riparazione cicatrici FUE o un trapianto correttivo. Se le cicatrici sono evidenti, tecniche di revisione cicatriziale o trattamenti laser possono aiutare a ridurne la visibilit\u00e0.<\/p>\n<p data-start=\"6655\" data-end=\"6781\"><strong data-start=\"6655\" data-end=\"6729\">Quali problemi possono derivare da un trapianto di capelli eseguito in modo errato?<\/strong><br data-start=\"6729\" data-end=\"6732\" \/>Un trapianto di capelli eseguito male pu\u00f2 causare:<\/p>\n<ul data-start=\"6782\" data-end=\"7113\">\n<li data-start=\"6782\" data-end=\"6811\">\n<p data-start=\"6784\" data-end=\"6811\">Design dell\u2019attaccatura innaturale<\/p>\n<\/li>\n<li data-start=\"6812\" data-end=\"6875\">\n<p data-start=\"6814\" data-end=\"6875\">Prelievo eccessivo dall\u2019area donatrice causando diradamento visibile<\/p>\n<\/li>\n<li data-start=\"6876\" data-end=\"6924\">\n<p data-start=\"6878\" data-end=\"6924\">Cicatrici, infezioni o scarsa sopravvivenza degli innesti<\/p>\n<\/li>\n<li data-start=\"6925\" data-end=\"7113\">\n<p data-start=\"6927\" data-end=\"7113\">Angoli di impianto errati che portano a un aspetto innaturale<br data-start=\"6988\" data-end=\"6991\" \/>Per questo \u00e8 essenziale scegliere un chirurgo esperto e una clinica specializzata.<\/p>\n<\/li>\n<\/ul>\n<p data-start=\"7115\" data-end=\"7174\"><strong data-start=\"7115\" data-end=\"7172\">Quali fattori influenzano il successo di un trapianto di capelli?<\/strong><\/p>\n<ul data-start=\"7175\" data-end=\"7344\">\n<li data-start=\"7175\" data-end=\"7212\">\n<p data-start=\"7177\" data-end=\"7212\">Esperienza e tecnica del chirurgo<\/p>\n<\/li>\n<li data-start=\"7213\" data-end=\"7262\">\n<p data-start=\"7215\" data-end=\"7262\">Salute del cuoio capelluto del paziente e qualit\u00e0 dell\u2019area donatrice<\/p>\n<\/li>\n<li data-start=\"7263\" data-end=\"7344\">\n<p data-start=\"7265\" data-end=\"7344\">Cure post operatorie e processo di guarigione<\/p>\n<\/li>\n<\/ul>\n","protected":false},"excerpt":{"rendered":"<p>Hairneva \u2013 Domande Frequenti (FAQ) Informazioni di Base e Tecniche Quali sono le differenze tra il trapianto di capelli con i metodi FUT e FUE?FUT (Trapianto di Unit\u00e0 Follicolari): Prevede la rimozione di una striscia di pelle dall\u2019area donatrice, lasciando una cicatrice lineare. \u00c8 un metodo pi\u00f9 vecchio con un periodo di recupero pi\u00f9 lungo.FUE [&hellip;]<\/p>\n","protected":false},"author":1,"featured_media":0,"parent":0,"menu_order":65,"comment_status":"closed","ping_status":"closed","template":"","meta":{"footnotes":""},"class_list":["post-1703","page","type-page","status-publish","hentry"],"_links":{"self":[{"href":"https:\/\/www.hairneva.com\/it\/wp-json\/wp\/v2\/pages\/1703","targetHints":{"allow":["GET"]}}],"collection":[{"href":"https:\/\/www.hairneva.com\/it\/wp-json\/wp\/v2\/pages"}],"about":[{"href":"https:\/\/www.hairneva.com\/it\/wp-json\/wp\/v2\/types\/page"}],"author":[{"embeddable":true,"href":"https:\/\/www.hairneva.com\/it\/wp-json\/wp\/v2\/users\/1"}],"replies":[{"embeddable":true,"href":"https:\/\/www.hairneva.com\/it\/wp-json\/wp\/v2\/comments?post=1703"}],"version-history":[{"count":3,"href":"https:\/\/www.hairneva.com\/it\/wp-json\/wp\/v2\/pages\/1703\/revisions"}],"predecessor-version":[{"id":2889,"href":"https:\/\/www.hairneva.com\/it\/wp-json\/wp\/v2\/pages\/1703\/revisions\/2889"}],"wp:attachment":[{"href":"https:\/\/www.hairneva.com\/it\/wp-json\/wp\/v2\/media?parent=1703"}],"curies":[{"name":"wp","href":"https:\/\/api.w.org\/{rel}","templated":true}]}}